{"id":1798,"date":"2024-01-23T20:32:41","date_gmt":"2024-01-24T01:32:41","guid":{"rendered":"https:\/\/allpartsandengines.com\/?page_id=1798"},"modified":"2024-02-05T09:23:09","modified_gmt":"2024-02-05T14:23:09","slug":"manufacturing","status":"publish","type":"page","link":"https:\/\/allpartsandengines.com\/es\/manufacturing\/","title":{"rendered":"MANUFACTURA"},"content":{"rendered":"<div data-elementor-type=\"wp-page\" data-elementor-id=\"1798\" class=\"elementor elementor-1798\" data-elementor-post-type=\"page\">\n\t\t\t\t<div data-particle_enable=\"false\" data-particle-mobile-disabled=\"false\" class=\"elementor-element elementor-element-4651743 e-con-full e-flex e-con e-parent\" data-id=\"4651743\" data-element_type=\"container\" data-settings=\"{&quot;background_background&quot;:&quot;slideshow&quot;,&quot;background_slideshow_gallery&quot;:[{&quot;id&quot;:2664,&quot;url&quot;:&quot;http:\\\/\\\/allpartsandengines.com\\\/wp-content\\\/uploads\\\/2024\\\/02\\\/abcdf-1.png&quot;},{&quot;id&quot;:2682,&quot;url&quot;:&quot;http:\\\/\\\/allpartsandengines.com\\\/wp-content\\\/uploads\\\/2024\\\/02\\\/Diseno-sin-titulo121.png&quot;},{&quot;id&quot;:2678,&quot;url&quot;:&quot;http:\\\/\\\/allpartsandengines.com\\\/wp-content\\\/uploads\\\/2024\\\/02\\\/Diseno-sin-titulo2.png&quot;},{&quot;id&quot;:2545,&quot;url&quot;:&quot;http:\\\/\\\/allpartsandengines.com\\\/wp-content\\\/uploads\\\/2024\\\/02\\\/abcd1.png&quot;}],&quot;background_slideshow_loop&quot;:&quot;yes&quot;,&quot;background_slideshow_slide_duration&quot;:5000,&quot;background_slideshow_slide_transition&quot;:&quot;fade&quot;,&quot;background_slideshow_transition_duration&quot;:500}\">\n\t\t<div data-particle_enable=\"false\" data-particle-mobile-disabled=\"false\" class=\"elementor-element elementor-element-575850f e-con-full e-flex e-con e-child\" data-id=\"575850f\" data-element_type=\"container\">\n\t\t<div data-particle_enable=\"false\" data-particle-mobile-disabled=\"false\" class=\"elementor-element elementor-element-f4cb0cb e-con-full e-flex e-con e-child\" data-id=\"f4cb0cb\" data-element_type=\"container\">\n\t\t\t\t<\/div>\n\t\t\t\t<\/div>\n\t\t\t\t<\/div>\n\t\t\t\t<section data-particle_enable=\"false\" data-particle-mobile-disabled=\"false\" class=\"elementor-section elementor-top-section elementor-element elementor-element-1b5ea54 elementor-section-boxed elementor-section-height-default elementor-section-height-default\" data-id=\"1b5ea54\" data-element_type=\"section\">\n\t\t\t\t\t\t<div class=\"elementor-container elementor-column-gap-default\">\n\t\t\t\t\t<div class=\"elementor-column elementor-col-100 elementor-top-column elementor-element elementor-element-9561c94\" data-id=\"9561c94\" data-element_type=\"column\">\n\t\t\t<div class=\"elementor-widget-wrap elementor-element-populated\">\n\t\t\t\t\t\t<div class=\"elementor-element elementor-element-2807297 elementor-widget elementor-widget-heading\" data-id=\"2807297\" data-element_type=\"widget\" data-widget_type=\"heading.default\">\n\t\t\t\t<div class=\"elementor-widget-container\">\n\t\t\t\t\t<h2 class=\"elementor-heading-title elementor-size-default\">Producci\u00f3n, cualquier tipo de componentes<\/h2>\t\t\t\t<\/div>\n\t\t\t\t<\/div>\n\t\t\t\t<div class=\"elementor-element elementor-element-f956d90 elementor-widget elementor-widget-text-editor\" data-id=\"f956d90\" data-element_type=\"widget\" data-widget_type=\"text-editor.default\">\n\t\t\t\t<div class=\"elementor-widget-container\">\n\t\t\t\t\t\t\t\t\t<div class=\"vc_col-sm-12 wpb_column vc_column_container\"><div class=\"wpb_wrapper\"><div class=\"wpb_text_column wpb_content_element\"><div class=\"wpb_wrapper\"><div class=\"wpb_text_column wpb_content_element\"><div class=\"wpb_wrapper\"><p>Tiene la capacidad de fabricar cualquier tipo de piezas para equipos pesados o motores di\u00e9sel. Por favor, ind\u00edquenos cu\u00e1les son sus necesidades. Trabajamos directamente con fabricantes europeos, americanos y asi\u00e1ticos que ya producen repuestos para otras marcas populares.<\/p><p>Estamos ampliando continuamente nuestra l\u00ednea de marcas fabricadas para ofrecer un mejor servicio a nuestros clientes.<\/p><p><strong>\u00bfDesea m\u00e1s informaci\u00f3n?<\/strong><\/p><p>Para obtener m\u00e1s informaci\u00f3n sobre nuestros servicios de fabricaci\u00f3n y distribuci\u00f3n de motores di\u00e9sel y repuestos para equipos marinos, pesados e industriales, siempre puede enviar un correo electr\u00f3nico a <a href=\"mailto:sales@dieseleuroparts.com\">sales@dieseleuroparts.com<\/a>.<\/p><p>\u00a1Compramos piezas y motores nuevos en excedente!<\/p><\/div><\/div><\/div><\/div><\/div><\/div>\t\t\t\t\t\t\t\t<\/div>\n\t\t\t\t<\/div>\n\t\t\t\t\t<\/div>\n\t\t<\/div>\n\t\t\t\t\t<\/div>\n\t\t<\/section>\n\t\t\t\t<\/div>","protected":false},"excerpt":{"rendered":"<p>Manufacturing, any type of parts We have the capability of manufacturing any type of parts for heavy\u00a0equipment of diesel engines, please let us know what your needs are. We work directly with european, american and asian manufacturers that are already manfacturing spare parts for other popular brand names. We are continuously expanding our line of [&hellip;]<\/p>","protected":false},"author":1,"featured_media":0,"parent":0,"menu_order":0,"comment_status":"closed","ping_status":"closed","template":"","meta":{"_eb_attr":"","site-sidebar-layout":"no-sidebar","site-content-layout":"page-builder","ast-site-content-layout":"full-width-container","site-content-style":"default","site-sidebar-style":"default","ast-global-header-display":"","ast-banner-title-visibility":"","ast-main-header-display":"","ast-hfb-above-header-display":"","ast-hfb-below-header-display":"","ast-hfb-mobile-header-display":"","site-post-title":"disabled","ast-breadcrumbs-content":"","ast-featured-img":"disabled","footer-sml-layout":"","ast-disable-related-posts":"","theme-transparent-header-meta":"","adv-header-id-meta":"","stick-header-meta":"","header-above-stick-meta":"","header-main-stick-meta":"","header-below-stick-meta":"","astra-migrate-meta-layouts":"set","ast-page-background-enabled":"default","ast-page-background-meta":{"desktop":{"background-color":"var(--ast-global-color-4)","background-image":"","background-repeat":"repeat","background-position":"center center","background-size":"auto","background-attachment":"scroll","background-type":"","background-media":"","overlay-type":"","overlay-color":"","overlay-opacity":"","overlay-gradient":""},"tablet":{"background-color":"","background-image":"","background-repeat":"repeat","background-position":"center center","background-size":"auto","background-attachment":"scroll","background-type":"","background-media":"","overlay-type":"","overlay-color":"","overlay-opacity":"","overlay-gradient":""},"mobile":{"background-color":"","background-image":"","background-repeat":"repeat","background-position":"center center","background-size":"auto","background-attachment":"scroll","background-type":"","background-media":"","overlay-type":"","overlay-color":"","overlay-opacity":"","overlay-gradient":""}},"ast-content-background-meta":{"desktop":{"background-color":"var(--ast-global-color-5)","background-image":"","background-repeat":"repeat","background-position":"center center","background-size":"auto","background-attachment":"scroll","background-type":"","background-media":"","overlay-type":"","overlay-color":"","overlay-opacity":"","overlay-gradient":""},"tablet":{"background-color":"var(--ast-global-color-5)","background-image":"","background-repeat":"repeat","background-position":"center center","background-size":"auto","background-attachment":"scroll","background-type":"","background-media":"","overlay-type":"","overlay-color":"","overlay-opacity":"","overlay-gradient":""},"mobile":{"background-color":"var(--ast-global-color-5)","background-image":"","background-repeat":"repeat","background-position":"center center","background-size":"auto","background-attachment":"scroll","background-type":"","background-media":"","overlay-type":"","overlay-color":"","overlay-opacity":"","overlay-gradient":""}},"footnotes":""},"class_list":["post-1798","page","type-page","status-publish","hentry"],"yoast_head":"<!-- This site is optimized with the Yoast SEO plugin v26.5 - https:\/\/yoast.com\/wordpress\/plugins\/seo\/ -->\n<title>MANUFACTURING - ALL PARTS AND ENGINES<\/title>\n<meta name=\"robots\" content=\"index, follow, max-snippet:-1, max-image-preview:large, max-video-preview:-1\" \/>\n<link rel=\"canonical\" href=\"https:\/\/allpartsandengines.com\/es\/manufacturing\/\" \/>\n<meta property=\"og:locale\" content=\"es_ES\" \/>\n<meta property=\"og:type\" content=\"article\" \/>\n<meta property=\"og:title\" content=\"MANUFACTURING - ALL PARTS AND ENGINES\" \/>\n<meta property=\"og:description\" content=\"Manufacturing, any type of parts We have the capability of manufacturing any type of parts for heavy\u00a0equipment of diesel engines, please let us know what your needs are. We work directly with european, american and asian manufacturers that are already manfacturing spare parts for other popular brand names. We are continuously expanding our line of [&hellip;]\" \/>\n<meta property=\"og:url\" content=\"https:\/\/allpartsandengines.com\/es\/manufacturing\/\" \/>\n<meta property=\"og:site_name\" content=\"ALL PARTS AND ENGINES\" \/>\n<meta property=\"article:modified_time\" content=\"2024-02-05T14:23:09+00:00\" \/>\n<meta property=\"og:image\" content=\"https:\/\/allpartsandengines.com\/wp-content\/uploads\/2024\/02\/Pic-IPD-Detroit.jpg\" \/>\n\t<meta property=\"og:image:width\" content=\"1069\" \/>\n\t<meta property=\"og:image:height\" content=\"1109\" \/>\n\t<meta property=\"og:image:type\" content=\"image\/jpeg\" \/>\n<meta name=\"twitter:card\" content=\"summary_large_image\" \/>\n<meta name=\"twitter:label1\" content=\"Tiempo de lectura\" \/>\n\t<meta name=\"twitter:data1\" content=\"1 minuto\" \/>\n<script type=\"application\/ld+json\" class=\"yoast-schema-graph\">{\"@context\":\"https:\/\/schema.org\",\"@graph\":[{\"@type\":\"WebPage\",\"@id\":\"https:\/\/allpartsandengines.com\/manufacturing\/\",\"url\":\"https:\/\/allpartsandengines.com\/manufacturing\/\",\"name\":\"MANUFACTURING - ALL PARTS AND ENGINES\",\"isPartOf\":{\"@id\":\"https:\/\/allpartsandengines.com\/#website\"},\"datePublished\":\"2024-01-24T01:32:41+00:00\",\"dateModified\":\"2024-02-05T14:23:09+00:00\",\"breadcrumb\":{\"@id\":\"https:\/\/allpartsandengines.com\/manufacturing\/#breadcrumb\"},\"inLanguage\":\"es\",\"potentialAction\":[{\"@type\":\"ReadAction\",\"target\":[\"https:\/\/allpartsandengines.com\/manufacturing\/\"]}]},{\"@type\":\"BreadcrumbList\",\"@id\":\"https:\/\/allpartsandengines.com\/manufacturing\/#breadcrumb\",\"itemListElement\":[{\"@type\":\"ListItem\",\"position\":1,\"name\":\"Inicio\",\"item\":\"https:\/\/allpartsandengines.com\/\"},{\"@type\":\"ListItem\",\"position\":2,\"name\":\"MANUFACTURING\"}]},{\"@type\":\"WebSite\",\"@id\":\"https:\/\/allpartsandengines.com\/#website\",\"url\":\"https:\/\/allpartsandengines.com\/\",\"name\":\"All Parts and Engines\",\"description\":\"We supply parts for marine, industrial, oil &amp; gas and heavy machinery equipment.\",\"publisher\":{\"@id\":\"https:\/\/allpartsandengines.com\/#organization\"},\"alternateName\":\"AllPartsandEngines\",\"potentialAction\":[{\"@type\":\"SearchAction\",\"target\":{\"@type\":\"EntryPoint\",\"urlTemplate\":\"https:\/\/allpartsandengines.com\/?s={search_term_string}\"},\"query-input\":{\"@type\":\"PropertyValueSpecification\",\"valueRequired\":true,\"valueName\":\"search_term_string\"}}],\"inLanguage\":\"es\"},{\"@type\":\"Organization\",\"@id\":\"https:\/\/allpartsandengines.com\/#organization\",\"name\":\"All Parts and Engines\",\"alternateName\":\"Allpartsandengines\",\"url\":\"https:\/\/allpartsandengines.com\/\",\"logo\":{\"@type\":\"ImageObject\",\"inLanguage\":\"es\",\"@id\":\"https:\/\/allpartsandengines.com\/#\/schema\/logo\/image\/\",\"url\":\"https:\/\/allpartsandengines.com\/wp-content\/uploads\/2024\/01\/logo-all-parts-and-engines.png\",\"contentUrl\":\"https:\/\/allpartsandengines.com\/wp-content\/uploads\/2024\/01\/logo-all-parts-and-engines.png\",\"width\":750,\"height\":415,\"caption\":\"All Parts and Engines\"},\"image\":{\"@id\":\"https:\/\/allpartsandengines.com\/#\/schema\/logo\/image\/\"}}]}<\/script>\n<!-- \/ Yoast SEO plugin. -->","yoast_head_json":{"title":"MANUFACTURING - ALL PARTS AND ENGINES","robots":{"index":"index","follow":"follow","max-snippet":"max-snippet:-1","max-image-preview":"max-image-preview:large","max-video-preview":"max-video-preview:-1"},"canonical":"https:\/\/allpartsandengines.com\/es\/manufacturing\/","og_locale":"es_ES","og_type":"article","og_title":"MANUFACTURING - ALL PARTS AND ENGINES","og_description":"Manufacturing, any type of parts We have the capability of manufacturing any type of parts for heavy\u00a0equipment of diesel engines, please let us know what your needs are. We work directly with european, american and asian manufacturers that are already manfacturing spare parts for other popular brand names. We are continuously expanding our line of [&hellip;]","og_url":"https:\/\/allpartsandengines.com\/es\/manufacturing\/","og_site_name":"ALL PARTS AND ENGINES","article_modified_time":"2024-02-05T14:23:09+00:00","og_image":[{"width":1069,"height":1109,"url":"https:\/\/allpartsandengines.com\/wp-content\/uploads\/2024\/02\/Pic-IPD-Detroit.jpg","type":"image\/jpeg"}],"twitter_card":"summary_large_image","twitter_misc":{"Tiempo de lectura":"1 minuto"},"schema":{"@context":"https:\/\/schema.org","@graph":[{"@type":"WebPage","@id":"https:\/\/allpartsandengines.com\/manufacturing\/","url":"https:\/\/allpartsandengines.com\/manufacturing\/","name":"MANUFACTURING - ALL PARTS AND ENGINES","isPartOf":{"@id":"https:\/\/allpartsandengines.com\/#website"},"datePublished":"2024-01-24T01:32:41+00:00","dateModified":"2024-02-05T14:23:09+00:00","breadcrumb":{"@id":"https:\/\/allpartsandengines.com\/manufacturing\/#breadcrumb"},"inLanguage":"es","potentialAction":[{"@type":"ReadAction","target":["https:\/\/allpartsandengines.com\/manufacturing\/"]}]},{"@type":"BreadcrumbList","@id":"https:\/\/allpartsandengines.com\/manufacturing\/#breadcrumb","itemListElement":[{"@type":"ListItem","position":1,"name":"Inicio","item":"https:\/\/allpartsandengines.com\/"},{"@type":"ListItem","position":2,"name":"MANUFACTURING"}]},{"@type":"WebSite","@id":"https:\/\/allpartsandengines.com\/#website","url":"https:\/\/allpartsandengines.com\/","name":"All Parts and Engines","description":"We supply parts for marine, industrial, oil &amp; gas and heavy machinery equipment.","publisher":{"@id":"https:\/\/allpartsandengines.com\/#organization"},"alternateName":"AllPartsandEngines","potentialAction":[{"@type":"SearchAction","target":{"@type":"EntryPoint","urlTemplate":"https:\/\/allpartsandengines.com\/?s={search_term_string}"},"query-input":{"@type":"PropertyValueSpecification","valueRequired":true,"valueName":"search_term_string"}}],"inLanguage":"es"},{"@type":"Organization","@id":"https:\/\/allpartsandengines.com\/#organization","name":"All Parts and Engines","alternateName":"Allpartsandengines","url":"https:\/\/allpartsandengines.com\/","logo":{"@type":"ImageObject","inLanguage":"es","@id":"https:\/\/allpartsandengines.com\/#\/schema\/logo\/image\/","url":"https:\/\/allpartsandengines.com\/wp-content\/uploads\/2024\/01\/logo-all-parts-and-engines.png","contentUrl":"https:\/\/allpartsandengines.com\/wp-content\/uploads\/2024\/01\/logo-all-parts-and-engines.png","width":750,"height":415,"caption":"All Parts and Engines"},"image":{"@id":"https:\/\/allpartsandengines.com\/#\/schema\/logo\/image\/"}}]}},"_hostinger_reach_plugin_has_subscription_block":false,"_hostinger_reach_plugin_is_elementor":false,"_links":{"self":[{"href":"https:\/\/allpartsandengines.com\/es\/wp-json\/wp\/v2\/pages\/1798","targetHints":{"allow":["GET"]}}],"collection":[{"href":"https:\/\/allpartsandengines.com\/es\/wp-json\/wp\/v2\/pages"}],"about":[{"href":"https:\/\/allpartsandengines.com\/es\/wp-json\/wp\/v2\/types\/page"}],"author":[{"embeddable":true,"href":"https:\/\/allpartsandengines.com\/es\/wp-json\/wp\/v2\/users\/1"}],"replies":[{"embeddable":true,"href":"https:\/\/allpartsandengines.com\/es\/wp-json\/wp\/v2\/comments?post=1798"}],"version-history":[{"count":19,"href":"https:\/\/allpartsandengines.com\/es\/wp-json\/wp\/v2\/pages\/1798\/revisions"}],"predecessor-version":[{"id":2691,"href":"https:\/\/allpartsandengines.com\/es\/wp-json\/wp\/v2\/pages\/1798\/revisions\/2691"}],"wp:attachment":[{"href":"https:\/\/allpartsandengines.com\/es\/wp-json\/wp\/v2\/media?parent=1798"}],"curies":[{"name":"wp","href":"https:\/\/api.w.org\/{rel}","templated":true}]}}